{"id":63,"date":"2015-10-29T11:19:01","date_gmt":"2015-10-29T11:19:01","guid":{"rendered":"http:\/\/91.121.177.27\/?page_id=63"},"modified":"2016-10-26T16:16:08","modified_gmt":"2016-10-26T16:16:08","slug":"como-colaborar","status":"publish","type":"page","link":"http:\/\/redsolidariadeacogida.es\/?page_id=63","title":{"rendered":"C\u00f3mo colaborar"},"content":{"rendered":"<p>Somos una <strong>red de personas<\/strong> que han empezado a trabajar de forma aut\u00f3noma (o mejor dicho, auto-organizada), preocupadas por la situaci\u00f3n que viv\u00edan nuestras compas del otro lado del Mediterr\u00e1neo al llegar a Madrid. Y si has entrado en esta web significa que de una manera u otra t\u00fa tambi\u00e9n est\u00e1s de acuerdo con nosotras en que debemos reivindicar sus derechos y la dignidad y valor que demuestran en su laaaargo camino.<\/p>\n<p>Si quieres arrimar el hombro, escribe a <a href=\"http:\/\/bienvenidarefugiadxs@gmail.com\">bienvenidarefugiadxs@gmail.com<\/a> comentando que eres nueva y quieres implicarte. En el colectivo hay muchas maneras de participar: traduciendo, acompa\u00f1ando, con transporte, aportando productos de primera necesidad, etc.\u00a0 Y no dudes en comentar y proponer cualquier cosa que se te ocurra.<\/p>\n<h4><strong>\u00a1An\u00edmate y escr\u00edbenos!<\/strong><\/h4>\n<p>Adem\u00e1s de enviar el email para meterte en la lista de correo, es importante asistir a las reuniones del grupo de trabajo en el que quieras colaborar: traducci\u00f3n, comunicaci\u00f3n, redes internacionales, legal, intendencia, etc., as\u00ed como asistir, si te es posible, a las asambleas semanales que hacemos los mi\u00e9rcoles a las 20h (vamos cambiando el lugar. En la lista de correo se ir\u00e1 informando puntualmente hasta que consigamos uno fijo).<\/p>\n<p>Nuestro principal lugar de trabajo es la estaci\u00f3n sur de autobuses, en <strong>M\u00e9ndez \u00c1lvaro<\/strong>. Te explicamos qu\u00e9 hacemos all\u00ed:<\/p>\n<p>Habr\u00e1 un grupo de acogida en la estaci\u00f3n (MA). Procuraremos que est\u00e9 formado por al menos un <strong>coordinador<\/strong> (alguien que conozca por su experiencia el proceso) y tres o cuatro personas m\u00e1s, de entre las que intentamos que haya al menos una con <strong>coche<\/strong> y otra que hable <strong>\u00e1rabe<\/strong> para ayudarnos con la traducci\u00f3n. El coordinador te orientar\u00e1 sobre cualquier duda. El grupo estar\u00e1 en la sala (entre las escaleras mec\u00e1nicas desde RENFE) o en las d\u00e1rsenas, esperando con un cartel en \u00e1rabe a nuestras viajeras, que suelen llegar desde C\u00f3rdoba, M\u00e1laga y Granada. Confirma el n\u00famero de d\u00e1rsena consultando los paneles de la estaci\u00f3n.<\/p>\n<p>Cuando llegan, subimos a nuestras compa\u00f1eras refugiadas a la sala de espera, y empieza la acci\u00f3n. Las mimamos sin atosigarlas y procuramos que est\u00e9n lo m\u00e1s c\u00f3modas posible. Les preguntamos datos \u00fatiles que apuntaremos en la hoja de registro (encontrar\u00e1s estas hojas en la sala), para trasladar esa informaci\u00f3n al SAMUR y no agobiarlas mil veces con las mismas preguntas. Hay dos posibilidades:<\/p>\n<ul>\n<li><strong>Que su autob\u00fas salga el mismo d\u00eda. <\/strong>Pueden quedarse con nosotras en la sala, descansando. Si necesitan comer, atenci\u00f3n m\u00e9dica&#8230; el SAMUR (tel\u00e9fono 91 480 20 20) debe atenderlas. En caso de urgencia, tambi\u00e9n hay un supermercado cerca, y suele haber agua y algo de comida no perecedera en la sala. Si necesitan ropa, productos de higiene&#8230; tambi\u00e9n puede gestionarse a trav\u00e9s del grupo de intendencia. Basta con que alguien del turno tenga acceso a nuestro grupo de guasap para movilizarse.<\/li>\n<li><strong>Que vayan a pasar alguna noche aqu\u00ed<\/strong>. El SAMUR las trasladar\u00e1 a alguno de los lugares que han dispuesto para ellas (recuerda anotar a cu\u00e1l en la hoja de registro). Es muy probable que haya alguien de la red en el centro al que van nuestras amigas refugiadas. Si no es as\u00ed, lo ideal es que alguien del grupo de MA las acompa\u00f1e para garantizar que se respeta un importante consenso de nuestra asamblea: que se les da un trato digno sin restar recursos a otras personas. Si necesitan algo (ropa, productos de higiene, asesoramiento legal&#8230;), comun\u00edcate con la red. Conviene, si es posible, guardar alg\u00fan dato de contacto (tel\u00e9fono, correo electr\u00f3nico, Facebook&#8230;), por si surge algo, para que ellas tejan sus propias redes de apoyo mutuo y para el siguiente punto.<\/li>\n<\/ul>\n<p>Procuraremos despedirlas cuando se vayan desde MA. Si adem\u00e1s mantenemos un cierto contacto posterior, pueden ayudarnos a conocer rutas seguras, los mejores destinos o a evitar puntos conflictivos, por ejemplo.<\/p>\n<h3><span style=\"color: #ff0000;\"><a style=\"color: #ff0000;\" href=\"http:\/\/redsolidariadeacogida.es\/wp-content\/uploads\/2015\/11\/Protocolo-de-Acogida-WEBdefinitivo.pdf\">Si quieres m\u00e1s detalles, aqu\u00ed te los ofrecemos.<\/a><\/span><\/h3>\n<h4><span style=\"color: #666699;\"><a style=\"color: #666699;\" href=\"http:\/\/redsolidariadeacogida.es\/wp-content\/uploads\/2015\/11\/RSA2.pdf\">Tambi\u00e9n puedes descargarte el tr\u00edptico para repartir a las personas conocidas y que quieren colaborar.<\/a><\/span><\/h4>\n<h4><a href=\"http:\/\/bienvenidarefugiadxs@gmail.com\">bienvenidarefugiadxs@gmail.com<\/a><\/h4>\n<h3>Facebook: <a href=\"https:\/\/www.facebook.com\/Red-Solidaria-de-Acogida-944398242297256\/?ref=hl\" target=\"_blank\">Red Solidaria de Acogida<\/a>.<\/h3>\n<h3>Twitter:\u00a0<a href=\"https:\/\/twitter.com\/RSAcogida\" target=\"_blank\">Red Solidaria de Acogida.<\/a><\/h3>\n","protected":false},"excerpt":{"rendered":"<p>Somos una red de personas que han empezado a trabajar de forma aut\u00f3noma (o mejor dicho, auto-organizada), preocupadas por la situaci\u00f3n que viv\u00edan nuestras compas&#8230;<\/p>\n","protected":false},"author":1,"featured_media":0,"parent":0,"menu_order":0,"comment_status":"closed","ping_status":"closed","template":"","meta":{"ngg_post_thumbnail":0},"_links":{"self":[{"href":"http:\/\/redsolidariadeacogida.es\/index.php?rest_route=\/wp\/v2\/pages\/63"}],"collection":[{"href":"http:\/\/redsolidariadeacogida.es\/index.php?rest_route=\/wp\/v2\/pages"}],"about":[{"href":"http:\/\/redsolidariadeacogida.es\/index.php?rest_route=\/wp\/v2\/types\/page"}],"author":[{"embeddable":true,"href":"http:\/\/redsolidariadeacogida.es\/index.php?rest_route=\/wp\/v2\/users\/1"}],"replies":[{"embeddable":true,"href":"http:\/\/redsolidariadeacogida.es\/index.php?rest_route=%2Fwp%2Fv2%2Fcomments&post=63"}],"version-history":[{"count":3,"href":"http:\/\/redsolidariadeacogida.es\/index.php?rest_route=\/wp\/v2\/pages\/63\/revisions"}],"predecessor-version":[{"id":273,"href":"http:\/\/redsolidariadeacogida.es\/index.php?rest_route=\/wp\/v2\/pages\/63\/revisions\/273"}],"wp:attachment":[{"href":"http:\/\/redsolidariadeacogida.es\/index.php?rest_route=%2Fwp%2Fv2%2Fmedia&parent=63"}],"curies":[{"name":"wp","href":"https:\/\/api.w.org\/{rel}","templated":true}]}}