{"id":6005,"date":"2023-06-06T19:35:47","date_gmt":"2023-06-06T19:35:47","guid":{"rendered":"http:\/\/redsolidariadeacogida.es\/?page_id=6005"},"modified":"2023-06-14T07:53:05","modified_gmt":"2023-06-14T07:53:05","slug":"voces-situadas-14-de-junio-masacremelilla","status":"publish","type":"page","link":"http:\/\/redsolidariadeacogida.es\/?page_id=6005","title":{"rendered":"Voces situadas | 14 de junio | #MasacreMelilla"},"content":{"rendered":"\t\t<div data-elementor-type=\"wp-page\" data-elementor-id=\"6005\" class=\"elementor elementor-6005\" data-elementor-settings=\"[]\">\n\t\t\t\t\t\t<div class=\"elementor-inner\">\n\t\t\t\t\t\t\t<div class=\"elementor-section-wrap\">\n\t\t\t\t\t\t\t<section class=\"elementor-section elementor-top-section elementor-element elementor-element-9229ae1 elementor-section-boxed elementor-section-height-default elementor-section-height-default\" data-id=\"9229ae1\" data-element_type=\"section\">\n\t\t\t\t\t\t<div class=\"elementor-container elementor-column-gap-default\">\n\t\t\t\t\t\t\t<div class=\"elementor-row\">\n\t\t\t\t\t<div class=\"elementor-column elementor-col-100 elementor-top-column elementor-element elementor-element-ef4daf5\" data-id=\"ef4daf5\" data-element_type=\"column\">\n\t\t\t<div class=\"elementor-column-wrap elementor-element-populated\">\n\t\t\t\t\t\t\t<div class=\"elementor-widget-wrap\">\n\t\t\t\t\t\t<div class=\"elementor-element elementor-element-55b386a elementor-widget elementor-widget-html\" data-id=\"55b386a\" data-element_type=\"widget\" data-widget_type=\"html.default\">\n\t\t\t\t<div class=\"elementor-widget-container\">\n\t\t\t<div align=\"center\"><img style=\"border: 1px solid; color: black;\" src=\"http:\/\/redsolidariadeacogida.es\/wp-content\/uploads\/2023\/06\/WhatsApp-Image-2023-06-02-at-01.12.12.jpeg\" width=\"80%\"><\/div><br>\n<p>\n\n<a href=\"http:\/\/redsolidariadeacogida.es\/?p=5912\">Volver a la p\u00e1gina anterior<\/a>\n\n<\/p>\n\n\t\t<\/div>\n\t\t\t\t<\/div>\n\t\t\t\t\t\t<\/div>\n\t\t\t\t\t<\/div>\n\t\t<\/div>\n\t\t\t\t\t\t\t\t<\/div>\n\t\t\t\t\t<\/div>\n\t\t<\/section>\n\t\t\t\t<section class=\"elementor-section elementor-top-section elementor-element elementor-element-fb78b41 elementor-section-boxed elementor-section-height-default elementor-section-height-default\" data-id=\"fb78b41\" data-element_type=\"section\">\n\t\t\t\t\t\t<div class=\"elementor-container elementor-column-gap-default\">\n\t\t\t\t\t\t\t<div class=\"elementor-row\">\n\t\t\t\t\t<div class=\"elementor-column elementor-col-100 elementor-top-column elementor-element elementor-element-c10d970\" data-id=\"c10d970\" data-element_type=\"column\">\n\t\t\t<div class=\"elementor-column-wrap elementor-element-populated\">\n\t\t\t\t\t\t\t<div class=\"elementor-widget-wrap\">\n\t\t\t\t\t\t<div class=\"elementor-element elementor-element-bf4813d elementor-widget elementor-widget-text-editor\" data-id=\"bf4813d\" data-element_type=\"widget\" data-widget_type=\"text-editor.default\">\n\t\t\t\t<div class=\"elementor-widget-container\">\n\t\t\t\t\t\t\t\t<div class=\"elementor-text-editor elementor-clearfix\">\n\t\t\t\t\t<p>En un Estado democr\u00e1tico y de derecho, los poderes p\u00fablicos deben hacer respetar el derecho a la integridad f\u00edsica y moral de todas las personas, impidiendo que nadie, bajo ning\u00fan concepto, pueda ser sometido a tratos inhumanos, degradantes, abusivos, arbitrarios o discriminatorios que entra\u00f1en violencia f\u00edsica o moral; y deben actuar rigi\u00e9ndose por los principios de congruencia, oportunidad y proporcionalidad en la utilizaci\u00f3n de los medios a su alcance.<\/p><p>El 24 de junio de 2022 al menos cuarenta personas perdieron la vida en la frontera de Melilla con Marruecos. El intento de cruzar \u201cla valla\u201d fue tratado, a nivel pol\u00edtico, como un acto de violencia y una maniobra agresiva de quienes intentaban llegar a suelo espa\u00f1ol. Contrarios a esta versi\u00f3n, los testimonios verbales y audiovisuales de lo que ocurri\u00f3 ese d\u00eda siguen siendo estremecedores.<\/p><p><i>Voces situadas 29<\/i> nos acerca a aquel dram\u00e1tico acontecimiento sin olvidar hechos precedentes y las violencias sist\u00e9micas que se siguen perpetuando en las fronteras. Este encuentro pretende poner en primer plano las propias voces de aquellas personas que escapan del sufrimiento, las injusticias, crueldades y vidas al l\u00edmite, de quienes son apartadas de manera pol\u00edtica y\/o f\u00edsica fuera del territorio europeo, muchas veces de vuelta a todo aquello de lo que huyen.<\/p><p>Esta actividad se realiza en el marco de una serie de acciones que culminan el 24 de junio de 2023 con una concentraci\u00f3n frente a la misma valla de Melilla, en coordinaci\u00f3n con m\u00faltiples colectivos a nivel nacional, bajo los lemas \u201cLas fronteras matan\u201d y \u201cMelilla, \u00a1nunca m\u00e1s!\u201d.<\/p><h3><strong>Participantes<\/strong><\/h3><p><b>Paula Alc\u00e1zar<i> <\/i><\/b>es abogada de Coordinadora de Barrios, una organizaci\u00f3n que lleva veinticinco a\u00f1os trabajando contra la exclusi\u00f3n social, compuesta por personas y colectivos que, desde el encuentro personal y la implicaci\u00f3n social, buscan soluciones a problemas de pobreza y marginaci\u00f3n.<\/p><blockquote class=\"twitter-tweet\"><p dir=\"ltr\" lang=\"es\">El Estado \ud83c\uddea\ud83c\uddf8 tiene la obligaci\u00f3n de actuar para evitar vulneraci\u00f3n de DDHH como <a href=\"https:\/\/twitter.com\/hashtag\/MasacreMelilla?src=hash&amp;ref_src=twsrc%5Etfw\">#MasacreMelilla<\/a>.<\/p><p>Todav\u00eda no se ha hecho ninguna investigaci\u00f3n sobre la muerte de personas inocentes,desaparecidas, devoluci\u00f3n de refugiadas y menores..<\/p><p>Hablar del pasado 24j es hablar de impunidad. <a href=\"https:\/\/t.co\/8rF94mn4SD\">pic.twitter.com\/8rF94mn4SD<\/a><\/p><p>\u2014 Red Solidaria de Acogida (@RSAcogida) <a href=\"https:\/\/twitter.com\/RSAcogida\/status\/1668198973746577409?ref_src=twsrc%5Etfw\">June 12, 2023<\/a><\/p><\/blockquote><p><script async src=\"https:\/\/platform.twitter.com\/widgets.js\" charset=\"utf-8\"><\/script><br \/><b>Javier Baeza<i> <\/i><\/b>es defensor de los derechos humanos de las personas m\u00e1s vulnerables (como los migrantes), p\u00e1rroco del Centro Pastoral San Carlos Borromeo en el barrio de Entrev\u00edas y activista de la organizaci\u00f3n Coordinadora de Barrios.<\/p><p>\u00a0<\/p><p><b>Nicol\u00e1s Castellanos<\/b> es periodista especializado en migraciones, cooperaci\u00f3n y desarrollo, investigando tanto en la orilla europea como en las costas africanas de salida de las personas migrantes. Actualmente trabaja en Cadena SER.<\/p><blockquote class=\"twitter-tweet\"><p dir=\"ltr\" lang=\"es\">.<a href=\"https:\/\/twitter.com\/NikoCastellano?ref_src=twsrc%5Etfw\">@NikoCastellano<\/a> comenta que los periodistas son responsables de elaborar un relato fiel de lo sucedido en Melilla y poner el foco en la vulneraci\u00f3n continua de Derechos Humanos en las fronteras.<\/p><p>Ma\u00f1ana, 14 de junio, estar\u00e1 con nosotras en el coloquio sobre la <a href=\"https:\/\/twitter.com\/hashtag\/MasacreMelilla?src=hash&amp;ref_src=twsrc%5Etfw\">#MasacreMelilla<\/a>. <a href=\"https:\/\/t.co\/fWK5bXpgaq\">pic.twitter.com\/fWK5bXpgaq<\/a><\/p><p>\u2014 Red Solidaria de Acogida (@RSAcogida) <a href=\"https:\/\/twitter.com\/RSAcogida\/status\/1668615500077891591?ref_src=twsrc%5Etfw\">June 13, 2023<\/a><\/p><\/blockquote><p><script async=\"\" src=\"https:\/\/platform.twitter.com\/widgets.js\" charset=\"utf-8\"><\/script><\/p><p><b>Mar Rodr\u00edguez<\/b> es activista del colectivo Caravana Abriendo Fronteras y militante en diversas luchas por la sanidad p\u00fablica. Tambi\u00e9n promueve el antimilitarismo, desde el Movimiento de Objeci\u00f3n de Conciencia de Madrid (MOC), as\u00ed como la desobediencia civil y la acci\u00f3n directa no violenta desde hace treinta a\u00f1os.<\/p><blockquote class=\"twitter-tweet\"><p dir=\"ltr\" lang=\"es\">\u00bfConoces Caravana Abriendo Fronteras?<br \/><br \/>Mar, militante de <a href=\"https:\/\/twitter.com\/Caravana_AF?ref_src=twsrc%5Etfw\">@Caravana_AF<\/a>, nos hablar\u00e1 esta tarde sobre <a href=\"https:\/\/twitter.com\/hashtag\/IMarchaPorLaJusticia?src=hash&amp;ref_src=twsrc%5Etfw\">#IMarchaPorLaJusticia<\/a>, en la que exigir\u00e1n junto a otros colectivos y organizaciones, justicia y reparaci\u00f3n por lo sucedido en la <a href=\"https:\/\/twitter.com\/hashtag\/MasacreMelilla?src=hash&amp;ref_src=twsrc%5Etfw\">#MasacreMelilla<\/a>. <a href=\"https:\/\/t.co\/Syg8kKg3Ge\">pic.twitter.com\/Syg8kKg3Ge<\/a><\/p><p>\u2014 Red Solidaria de Acogida (@RSAcogida) <a href=\"https:\/\/twitter.com\/RSAcogida\/status\/1668885691953033217?ref_src=twsrc%5Etfw\">June 14, 2023<\/a><\/p><\/blockquote><p><script async src=\"https:\/\/platform.twitter.com\/widgets.js\" charset=\"utf-8\"><\/script><\/p><p><a href=\"https:\/\/www.museoreinasofia.es\/actividades\/voces-situadas-29\">M\u00e1s informaci\u00f3n y venta de entradas en la web de Museo Reina Sof\u00eda.<\/a><\/p>\t\t\t\t\t<\/div>\n\t\t\t\t\t\t<\/div>\n\t\t\t\t<\/div>\n\t\t\t\t\t\t<\/div>\n\t\t\t\t\t<\/div>\n\t\t<\/div>\n\t\t\t\t\t\t\t\t<\/div>\n\t\t\t\t\t<\/div>\n\t\t<\/section>\n\t\t\t\t\t\t<\/div>\n\t\t\t\t\t\t<\/div>\n\t\t\t\t\t<\/div>\n\t\t","protected":false},"excerpt":{"rendered":"<p>Volver a la p\u00e1gina anterior En un Estado democr\u00e1tico y de derecho, los poderes p\u00fablicos deben hacer respetar el derecho a la integridad f\u00edsica y&#8230;<\/p>\n","protected":false},"author":1,"featured_media":0,"parent":0,"menu_order":0,"comment_status":"closed","ping_status":"closed","template":"","meta":{"ngg_post_thumbnail":0},"_links":{"self":[{"href":"http:\/\/redsolidariadeacogida.es\/index.php?rest_route=\/wp\/v2\/pages\/6005"}],"collection":[{"href":"http:\/\/redsolidariadeacogida.es\/index.php?rest_route=\/wp\/v2\/pages"}],"about":[{"href":"http:\/\/redsolidariadeacogida.es\/index.php?rest_route=\/wp\/v2\/types\/page"}],"author":[{"embeddable":true,"href":"http:\/\/redsolidariadeacogida.es\/index.php?rest_route=\/wp\/v2\/users\/1"}],"replies":[{"embeddable":true,"href":"http:\/\/redsolidariadeacogida.es\/index.php?rest_route=%2Fwp%2Fv2%2Fcomments&post=6005"}],"version-history":[{"count":41,"href":"http:\/\/redsolidariadeacogida.es\/index.php?rest_route=\/wp\/v2\/pages\/6005\/revisions"}],"predecessor-version":[{"id":6080,"href":"http:\/\/redsolidariadeacogida.es\/index.php?rest_route=\/wp\/v2\/pages\/6005\/revisions\/6080"}],"wp:attachment":[{"href":"http:\/\/redsolidariadeacogida.es\/index.php?rest_route=%2Fwp%2Fv2%2Fmedia&parent=6005"}],"curies":[{"name":"wp","href":"https:\/\/api.w.org\/{rel}","templated":true}]}}