{"id":464,"date":"2017-01-11T22:07:56","date_gmt":"2017-01-11T22:07:56","guid":{"rendered":"http:\/\/redsolidariadeacogida.es\/?page_id=464"},"modified":"2021-04-28T17:34:30","modified_gmt":"2021-04-28T17:34:30","slug":"quienes-somos","status":"publish","type":"page","link":"http:\/\/redsolidariadeacogida.es\/?page_id=464","title":{"rendered":"Red Solidaria de Acogida"},"content":{"rendered":"<p style=\"text-align: center;\"><img src=\"http:\/\/redsolidariadeacogida.es\/wp-content\/uploads\/2017\/09\/19400021_1588830867853987_8968852310974600471_n.jpg\" width=\"70%\"><\/p>\n<p style=\"text-align: justify;\"><strong>Algunas cosas sobre nosotras\u2026<\/strong><br \/>\nSomos una Red Cuidadana de Vecinas, apartidista, autogestionada y feminista. Trabajamos en red con otros colectivos mano a mano, que luchan por los Derechos Humanos. Defendemos la libertad de circulaci\u00f3n por el mundo de todas las personas.<\/p>\n<p style=\"text-align: justify;\">En nuestro d\u00eda a d\u00eda nos organizamos para denunciar, por un lado, y por otro acompa\u00f1ar a las personas migrantes.<\/p>\n<p style=\"text-align: justify;\"><strong>Denunciamos <\/strong>las leyes migratorias de Espa\u00f1a y la UE, con especial atenci\u00f3n a la Frontera Sur, las leyes de acogida y extranjer\u00eda de nuestro lugar de residencia, las m\u00faltiples transgresiones de los Derechos Humanos que hay detr\u00e1s de los movimientos migratorios forzados (guerras, cambio clim\u00e1tico y desastres medioambientales, el hambre, el capitalismo, la persecuci\u00f3n a las personas LGTBI y otras manifestaciones del patriarcado, etc.). Todo ellos a trav\u00e9s de manifestaciones, charlas, campa\u00f1as en redes, acci\u00f3n directa,\u2026<\/p>\n<p style=\"text-align: justify;\">Por otro lado, <strong>acompa\u00f1amos <\/strong>a refugiadas\/migrantes, vecinas y vecinos, en tr\u00e1nsito o que ya est\u00e1n aqu\u00ed.<\/p>\n<p style=\"text-align: justify;\"><strong>Si quieres participar<\/strong> env\u00eda un correo a <a href=\"mailto:bienvenidarefugiadxs@gmail.com\">bienvenidarefugiadxs@gmail.com<\/a>, y te explicaremos como unirte a nuestras asambleas, que se llevan a cabo los mi\u00e9rcoles a las 20h en La Polifac\u00e9tica (Pza. de Cascorro, 11. Metro- La Latina). Aunque miemtras dure la pandemia, las estamos celebrando a trav\u00e9s de la red.<\/p>\n<p><strong>Facebook:<\/strong> <a href=\"https:\/\/www.facebook.com\/Red-Solidaria-de-Acogida-944398242297256\" target=\"_blank\" rel=\"noopener\">Red de Acogida Solidaria<\/a><br \/>\n<strong>Twitter<\/strong>: <a href=\"https:\/\/twitter.com\/RSAcogida\" target=\"_blank\" rel=\"noopener\">@RSAcogida<\/a><br \/>\n<strong>Instagram<\/strong>: <a href=\"https:\/\/www.instagram.com\/redsolidariadeacogida\/\" target=\"_blank\" rel=\"noopener\">@redsolidariadeacogida<\/a><\/p>\n","protected":false},"excerpt":{"rendered":"<p>Algunas cosas sobre nosotras\u2026 Somos una Red Cuidadana de Vecinas, apartidista, autogestionada y feminista. Trabajamos en red con otros colectivos mano a mano, que luchan&#8230;<\/p>\n","protected":false},"author":1,"featured_media":0,"parent":0,"menu_order":0,"comment_status":"closed","ping_status":"closed","template":"","meta":{"ngg_post_thumbnail":0},"_links":{"self":[{"href":"http:\/\/redsolidariadeacogida.es\/index.php?rest_route=\/wp\/v2\/pages\/464"}],"collection":[{"href":"http:\/\/redsolidariadeacogida.es\/index.php?rest_route=\/wp\/v2\/pages"}],"about":[{"href":"http:\/\/redsolidariadeacogida.es\/index.php?rest_route=\/wp\/v2\/types\/page"}],"author":[{"embeddable":true,"href":"http:\/\/redsolidariadeacogida.es\/index.php?rest_route=\/wp\/v2\/users\/1"}],"replies":[{"embeddable":true,"href":"http:\/\/redsolidariadeacogida.es\/index.php?rest_route=%2Fwp%2Fv2%2Fcomments&post=464"}],"version-history":[{"count":39,"href":"http:\/\/redsolidariadeacogida.es\/index.php?rest_route=\/wp\/v2\/pages\/464\/revisions"}],"predecessor-version":[{"id":5655,"href":"http:\/\/redsolidariadeacogida.es\/index.php?rest_route=\/wp\/v2\/pages\/464\/revisions\/5655"}],"wp:attachment":[{"href":"http:\/\/redsolidariadeacogida.es\/index.php?rest_route=%2Fwp%2Fv2%2Fmedia&parent=464"}],"curies":[{"name":"wp","href":"https:\/\/api.w.org\/{rel}","templated":true}]}}